{"id":11,"date":"2016-08-17T21:45:45","date_gmt":"2016-08-17T19:45:45","guid":{"rendered":"http:\/\/www.continentale-mg.de\/?page_id=11"},"modified":"2018-06-05T13:52:54","modified_gmt":"2018-06-05T11:52:54","slug":"erwin-ruettgers","status":"publish","type":"page","link":"https:\/\/www.continentale-mg.de\/","title":{"rendered":"Erwin R\u00fcttgers"},"content":{"rendered":"<h2>Liebe Mitb\u00fcrger, kennen Sie das auch?<\/h2>\n<p><img decoding=\"async\" loading=\"lazy\" class=\"alignleft wp-image-33 size-full\" src=\"http:\/\/www.continentale-mg.de\/wp-content\/uploads\/Fotolia_6932798_M-e1467189547558.jpg\" width=\"400\" height=\"297\" \/><\/p>\n<p>Der nette Mann von der Versicherung hatte Ihnen doch gesagt, dass alles versichert w\u00e4re &#8230;<\/p>\n<p>&#8230; das ist leider kein Einzelfall.<\/p>\n<p>Ein Grund, warum ich die Landesdirektion hier in M\u00f6nchengladbach erfolgreich f\u00fchre, ist einerseits das Vertrauen, dass Sie mir, als Kunden, seit vielen Jahren schenken, andererseits der sehr gute Ruf, den unsere Versicherung in der Bev\u00f6lkerung hat.<\/p>\n<p>Es wird z. Zt. viel Werbung in den Medien gemacht und \u00fcber Vertrauen gesprochen. \u201eVertrauen, dass die B\u00fcrger h\u00e4ufig verloren haben. Die Continentale Landesdirektion Erwin R\u00fcttgers Versicherungsvermittlungs GmbH, arbeitet korrekt, diszipliniert und vor allem b\u00fcrgernah.\u201c<\/p>\n<hr \/>\n<h3>G\u00fctesiegel\u00a0<em><img decoding=\"async\" loading=\"lazy\" class=\"alignright size-full wp-image-44\" src=\"http:\/\/www.continentale-mg.de\/wp-content\/uploads\/guetesiegel-1.png\" alt=\"guetesiegel-1\" width=\"180\" height=\"175\" \/><\/em><\/h3>\n<p><em>&#8222;Forschungsstelle f\u00fcr Qualifizierung im Versicherungswesen&#8220; Prof. Dr. Fred Wagner, Lehrstuhl f\u00fcr Versicherungsbetriebslehre an der Universit\u00e4t Leipzig und Prof. Horst M\u00fcller-Peters, Institut f\u00fcr Versicherungswesen, Technische Hochschule\u00a0K\u00f6ln.<\/em><\/p>\n<p>Ob Kranken-, Lebens- oder Sachversicherung &#8211; wir, die Experten der Continentale, sind immer auf dem neuesten Stand. Und das lassen wir uns regelm\u00e4\u00dfig mit einem wissenschaftlich gepr\u00fcften G\u00fctesiegel zertifizieren. Denn unser oberstes Ziel sind zufriedene Kunden, denen wir einen zeitgem\u00e4\u00dfen, individuellen Versicherungsschutz bieten k\u00f6nnen.<\/p>\n<hr \/>\n<h3>Hauptb\u00fcro in M\u00f6nchengladbach &#8211; Vertrauen &amp; Zuverl\u00e4ssigkeit zeichnen uns in M\u00f6nchengladbach aus!<\/h3>\n<p><strong>Seit \u00fcber 30 Jahren vor Ort!<\/strong><br \/>\nIch biete meinen Kunden seit nunmehr \u00fcber 30 Jahren mit meinem Unternehmen kompetente Beratung und Zuverl\u00e4ssigkeit in der Bearbeitung aller aufkommenden Fragestellungen rund um ihre Risikosituation. Mein Wort gilt! Ich setze mich, wie auch meine Mitarbeiter, f\u00fcr meine Kunden ein und ich bin stolz darauf, dass diese langj\u00e4hrige Arbeit zum Teil freundschaftliche Beziehungen entstehen lie\u00df.<\/p>\n<p>Testen Sie mich und mein Team. Besuchen Sie uns einfach mal auf einen Kaffee oder Tee und machen Sie sich einen Eindruck. Kommen Sie einfach mal rein oder rufen Sie uns an und vereinbaren einen Termin. Wir kommen nach Absprache auch zu Ihnen.<\/p>\n<hr \/>\n<p>&nbsp;<\/p>\n<div id=\"attachment_255\" style=\"width: 3260px\" class=\"wp-caption aligncenter\"><a href=\"http:\/\/www.continentale-mg.de\/wp-content\/uploads\/2018\/06\/Fotolia_39368831_L.jpg\"><img aria-describedby=\"caption-attachment-255\" decoding=\"async\" loading=\"lazy\" class=\"wp-image-255 size-full\" src=\"http:\/\/www.continentale-mg.de\/wp-content\/uploads\/2018\/06\/Fotolia_39368831_L.jpg\" alt=\"Verstaerkung gesucht\" width=\"3250\" height=\"894\" srcset=\"https:\/\/www.continentale-mg.de\/wp-content\/uploads\/2018\/06\/Fotolia_39368831_L.jpg 3250w, https:\/\/www.continentale-mg.de\/wp-content\/uploads\/2018\/06\/Fotolia_39368831_L-300x83.jpg 300w, https:\/\/www.continentale-mg.de\/wp-content\/uploads\/2018\/06\/Fotolia_39368831_L-768x211.jpg 768w, https:\/\/www.continentale-mg.de\/wp-content\/uploads\/2018\/06\/Fotolia_39368831_L-1024x282.jpg 1024w\" sizes=\"(max-width: 3250px) 100vw, 3250px\" \/><\/a><p id=\"caption-attachment-255\" class=\"wp-caption-text\">Ist Ihnen die Darstellung der Stellensuche zu klein? Kein Problem, mit einem kurzen Klick auf&#8217;s Bild, wird Ihnen die Anzeige in voller Gr\u00f6\u00dfe dargestellt.<\/p><\/div>\n<p>&nbsp;<\/p>\n","protected":false},"excerpt":{"rendered":"<p>Liebe Mitb\u00fcrger, kennen Sie das auch? Der nette Mann von der Versicherung hatte Ihnen doch gesagt, dass alles versichert w\u00e4re &#8230; &#8230; das ist leider kein Einzelfall. Ein Grund, warum ich die Landesdirektion hier in M\u00f6nchengladbach erfolgreich f\u00fchre, ist einerseits das Vertrauen, dass Sie mir, als Kunden, seit vielen Jahren <a class=\"more-link\" href=\"https:\/\/www.continentale-mg.de\/\">weiterlesen&#8230;<\/a><\/p>\n","protected":false},"author":1,"featured_media":40,"parent":0,"menu_order":0,"comment_status":"closed","ping_status":"closed","template":"","meta":{"footnotes":""},"_links":{"self":[{"href":"https:\/\/www.continentale-mg.de\/index.php\/wp-json\/wp\/v2\/pages\/11"}],"collection":[{"href":"https:\/\/www.continentale-mg.de\/index.php\/wp-json\/wp\/v2\/pages"}],"about":[{"href":"https:\/\/www.continentale-mg.de\/index.php\/wp-json\/wp\/v2\/types\/page"}],"author":[{"embeddable":true,"href":"https:\/\/www.continentale-mg.de\/index.php\/wp-json\/wp\/v2\/users\/1"}],"replies":[{"embeddable":true,"href":"https:\/\/www.continentale-mg.de\/index.php\/wp-json\/wp\/v2\/comments?post=11"}],"version-history":[{"count":4,"href":"https:\/\/www.continentale-mg.de\/index.php\/wp-json\/wp\/v2\/pages\/11\/revisions"}],"predecessor-version":[{"id":277,"href":"https:\/\/www.continentale-mg.de\/index.php\/wp-json\/wp\/v2\/pages\/11\/revisions\/277"}],"wp:featuredmedia":[{"embeddable":true,"href":"https:\/\/www.continentale-mg.de\/index.php\/wp-json\/wp\/v2\/media\/40"}],"wp:attachment":[{"href":"https:\/\/www.continentale-mg.de\/index.php\/wp-json\/wp\/v2\/media?parent=11"}],"curies":[{"name":"wp","href":"https:\/\/api.w.org\/{rel}","templated":true}]}}