{"id":7,"date":"2016-08-17T21:44:57","date_gmt":"2016-08-17T19:44:57","guid":{"rendered":"http:\/\/www.continentale-mg.de\/?page_id=7"},"modified":"2018-06-05T13:54:03","modified_gmt":"2018-06-05T11:54:03","slug":"das-gespraech","status":"publish","type":"page","link":"https:\/\/www.continentale-mg.de\/index.php\/das-gespraech\/","title":{"rendered":"Das Gespr\u00e4ch"},"content":{"rendered":"<div id=\"test\"><img decoding=\"async\" loading=\"lazy\" class=\"aligncenter wp-image-161 size-full\" src=\"http:\/\/jost-projekte.de\/wp-content\/uploads\/2016\/04\/Business-Fotograf_K.jpg\" alt=\"Die Continentale - Das Gespr\u00e4ch\" width=\"1600\" height=\"720\" \/><\/div>\n<div id=\"testbild\"><img decoding=\"async\" loading=\"lazy\" class=\"size-full wp-image-193 alignleft\" src=\"http:\/\/jost-projekte.de\/wp-content\/uploads\/2016\/04\/gespraech-Kopie.png\" alt=\"gespraech Kopie\" width=\"65\" height=\"65\" \/><\/div>\n<h1>Das Gespr\u00e4ch<\/h1>\n<p>In einem ersten Gespr\u00e4ch sprechen wir \u00fcber Ihre famili\u00e4re Situation, Ihren Beruf, Ihre Vorstellungen f\u00fcr Ihre pers\u00f6nliche Zukunft und die Ihrer Lieben.<br \/>\nLassen Sie uns teilhaben an Ihrer pers\u00f6nlichen Planung, Ihren Zielen und Ihren W\u00fcnschen. Erst dann k\u00f6nnen wir uns ein Bild machen und Sie optimal beraten.<\/p>\n<p>Jetzt erarbeiten wir f\u00fcr Sie ein Konzept, dass passt &#8211; sowohl f\u00fcr Ihre Bed\u00fcrfnisse, als auch f\u00fcr Ihren Geldbeutel.<\/p>\n<hr \/>\n<p>&nbsp;<\/p>\n<div id=\"attachment_255\" style=\"width: 3260px\" class=\"wp-caption aligncenter\"><a href=\"http:\/\/www.continentale-mg.de\/wp-content\/uploads\/2018\/06\/Fotolia_39368831_L.jpg\"><img aria-describedby=\"caption-attachment-255\" decoding=\"async\" loading=\"lazy\" class=\"wp-image-255 size-full\" src=\"http:\/\/www.continentale-mg.de\/wp-content\/uploads\/2018\/06\/Fotolia_39368831_L.jpg\" alt=\"Verstaerkung gesucht\" width=\"3250\" height=\"894\" srcset=\"https:\/\/www.continentale-mg.de\/wp-content\/uploads\/2018\/06\/Fotolia_39368831_L.jpg 3250w, https:\/\/www.continentale-mg.de\/wp-content\/uploads\/2018\/06\/Fotolia_39368831_L-300x83.jpg 300w, https:\/\/www.continentale-mg.de\/wp-content\/uploads\/2018\/06\/Fotolia_39368831_L-768x211.jpg 768w, https:\/\/www.continentale-mg.de\/wp-content\/uploads\/2018\/06\/Fotolia_39368831_L-1024x282.jpg 1024w\" sizes=\"(max-width: 3250px) 100vw, 3250px\" \/><\/a><p id=\"caption-attachment-255\" class=\"wp-caption-text\">Ist Ihnen die Darstellung der Stellensuche zu klein? Kein Problem, mit einem kurzen Klick auf&#8217;s Bild, wird Ihnen die Anzeige in voller Gr\u00f6\u00dfe dargestellt.<\/p><\/div>\n<p>&nbsp;<\/p>\n","protected":false},"excerpt":{"rendered":"<p>Das Gespr\u00e4ch In einem ersten Gespr\u00e4ch sprechen wir \u00fcber Ihre famili\u00e4re Situation, Ihren Beruf, Ihre Vorstellungen f\u00fcr Ihre pers\u00f6nliche Zukunft und die Ihrer Lieben. Lassen Sie uns teilhaben an Ihrer pers\u00f6nlichen Planung, Ihren Zielen und Ihren W\u00fcnschen. Erst dann k\u00f6nnen wir uns ein Bild machen und Sie optimal beraten. Jetzt <a class=\"more-link\" href=\"https:\/\/www.continentale-mg.de\/index.php\/das-gespraech\/\">weiterlesen&#8230;<\/a><\/p>\n","protected":false},"author":1,"featured_media":43,"parent":0,"menu_order":0,"comment_status":"closed","ping_status":"closed","template":"","meta":{"footnotes":""},"_links":{"self":[{"href":"https:\/\/www.continentale-mg.de\/index.php\/wp-json\/wp\/v2\/pages\/7"}],"collection":[{"href":"https:\/\/www.continentale-mg.de\/index.php\/wp-json\/wp\/v2\/pages"}],"about":[{"href":"https:\/\/www.continentale-mg.de\/index.php\/wp-json\/wp\/v2\/types\/page"}],"author":[{"embeddable":true,"href":"https:\/\/www.continentale-mg.de\/index.php\/wp-json\/wp\/v2\/users\/1"}],"replies":[{"embeddable":true,"href":"https:\/\/www.continentale-mg.de\/index.php\/wp-json\/wp\/v2\/comments?post=7"}],"version-history":[{"count":3,"href":"https:\/\/www.continentale-mg.de\/index.php\/wp-json\/wp\/v2\/pages\/7\/revisions"}],"predecessor-version":[{"id":283,"href":"https:\/\/www.continentale-mg.de\/index.php\/wp-json\/wp\/v2\/pages\/7\/revisions\/283"}],"wp:featuredmedia":[{"embeddable":true,"href":"https:\/\/www.continentale-mg.de\/index.php\/wp-json\/wp\/v2\/media\/43"}],"wp:attachment":[{"href":"https:\/\/www.continentale-mg.de\/index.php\/wp-json\/wp\/v2\/media?parent=7"}],"curies":[{"name":"wp","href":"https:\/\/api.w.org\/{rel}","templated":true}]}}